{"id":7,"date":"2018-01-23T03:16:57","date_gmt":"2018-01-23T03:16:57","guid":{"rendered":"https:\/\/iot.ttu.ee\/?page_id=7"},"modified":"2020-10-06T20:43:01","modified_gmt":"2020-10-06T17:43:01","slug":"home","status":"publish","type":"page","link":"https:\/\/iot.ttu.ee\/et\/","title":{"rendered":"\u00dclevaade"},"content":{"rendered":"<div id=\"pl-7\"  class=\"panel-layout\" ><div id=\"pg-7-0\"  class=\"panel-grid panel-has-style\" ><div style=\"padding: 100px 0; \" data-overlay=\"true\" data-overlay-color=\"#000000\" class=\"panel-row-style panel-row-style-for-7-0\" ><div id=\"pgc-7-0-0\"  class=\"panel-grid-cell\" ><div id=\"panel-7-0-0-0\" class=\"so-panel widget widget_sow-editor panel-first-child\" data-index=\"0\" ><div style=\"text-align: left;\" data-title-color=\"#443f3f\" data-headings-color=\"#443f3f\" class=\"panel-widget-style panel-widget-style-for-7-0-0-0\" ><div\n\t\t\t\n\t\t\tclass=\"so-widget-sow-editor so-widget-sow-editor-base\"\n\t\t\t\n\t\t>\n<div class=\"siteorigin-widget-tinymce textwidget\">\n\t<p>TalTech V\u00e4ikese J\u00f5udlusega Seadmete Masin\u00f5ppe Teaduslabor on arvutis\u00fcsteemide instituudi initsiatiivil loodud keskus, mis seob endaga kokku arvutiteaduse, elektroonika- ja tervisetehnoloogiate instituudi. Meie soov on edendada Asjade Internetiga seotud \u00f6kos\u00fcsteemi, mis viib oma innovatiivsusega meid uute ja p\u00f5nevate lahendusteni. Me arendame uusi tehnoloogiaid ning aitame neid kasutusele v\u00f5tta t\u00f6\u00f6stuses, mis annab teile konkurentsiv\u00f5imelised eelised.<\/p>\n<h3>Eesm\u00e4rgid<\/h3>\n<ul>\n<li>Luua innovatiivseid rakendusi, mis l\u00e4bivad vastavalt t\u00f6\u00f6stuse vajadustele erinevaid domeenide vertikale (tark linn, tark tervis, tark t\u00f6\u00f6stus, tark pllumajandus jt)<\/li>\n<li>Elavdada teaduslikku m\u00f5tlemist ja v\u00e4hendada kulu nii teadusele kui arendusele pakkudes neutraalset ja erinevate tehnoloogiatega l\u00e4bip\u00f5imunud laboratoorseid seadmeid ja v\u00f5imalusi<\/li>\n<li>V\u00e4hendada Asjade Internetiga seotud importimist ja edendada selle arenemist kui \u00fcheks naturaalseks osaks t\u00f6\u00f6s ja elus<\/li>\n<li>Pakkuda keskkonda tootearenduseks, testimiseks ja valideerimiseks<\/li>\n<\/ul>\n<p>&nbsp;<\/p>\n<\/div>\n<\/div><\/div><\/div><div id=\"panel-7-0-0-1\" class=\"so-panel widget widget_sow-editor\" data-index=\"1\" ><div style=\"text-align: left;\" data-title-color=\"#443f3f\" data-headings-color=\"#443f3f\" class=\"panel-widget-style panel-widget-style-for-7-0-0-1\" ><div\n\t\t\t\n\t\t\tclass=\"so-widget-sow-editor so-widget-sow-editor-base\"\n\t\t\t\n\t\t><h3 class=\"widget-title\">Partnerid<\/h3>\n<div class=\"siteorigin-widget-tinymce textwidget\">\n\t<p>&nbsp;<\/p>\n<h3><strong>Partnerid<\/strong><\/h3>\n<p><img decoding=\"async\" class=\"alignnone wp-image-294\" src=\"https:\/\/iot.ttu.ee\/wp-content\/uploads\/2018\/05\/Telia.png\" alt=\"\" width=\"176\" height=\"99\" srcset=\"https:\/\/iot.ttu.ee\/wp-content\/uploads\/2018\/05\/Telia.png 700w, https:\/\/iot.ttu.ee\/wp-content\/uploads\/2018\/05\/Telia-300x169.png 300w, https:\/\/iot.ttu.ee\/wp-content\/uploads\/2018\/05\/Telia-230x130.png 230w, https:\/\/iot.ttu.ee\/wp-content\/uploads\/2018\/05\/Telia-350x198.png 350w, https:\/\/iot.ttu.ee\/wp-content\/uploads\/2018\/05\/Telia-480x271.png 480w\" sizes=\"(max-width: 176px) 100vw, 176px\" \/>\u00a0\u00a0\u00a0\u00a0\u00a0\u00a0\u00a0\u00a0\u00a0\u00a0\u00a0\u00a0\u00a0\u00a0\u00a0\u00a0\u00a0\u00a0\u00a0 <img decoding=\"async\" class=\"alignnone wp-image-316\" src=\"https:\/\/iot.ttu.ee\/wp-content\/uploads\/2018\/05\/ABB_logo-1024x407.png\" alt=\"\" width=\"208\" height=\"82\" srcset=\"https:\/\/iot.ttu.ee\/wp-content\/uploads\/2018\/05\/ABB_logo-1024x407.png 1024w, https:\/\/iot.ttu.ee\/wp-content\/uploads\/2018\/05\/ABB_logo-300x119.png 300w, https:\/\/iot.ttu.ee\/wp-content\/uploads\/2018\/05\/ABB_logo-768x305.png 768w, https:\/\/iot.ttu.ee\/wp-content\/uploads\/2018\/05\/ABB_logo-830x330.png 830w, https:\/\/iot.ttu.ee\/wp-content\/uploads\/2018\/05\/ABB_logo-230x91.png 230w, https:\/\/iot.ttu.ee\/wp-content\/uploads\/2018\/05\/ABB_logo-350x139.png 350w, https:\/\/iot.ttu.ee\/wp-content\/uploads\/2018\/05\/ABB_logo-480x191.png 480w, https:\/\/iot.ttu.ee\/wp-content\/uploads\/2018\/05\/ABB_logo.png 2000w\" sizes=\"(max-width: 208px) 100vw, 208px\" \/>\u00a0\u00a0\u00a0\u00a0\u00a0\u00a0\u00a0\u00a0\u00a0\u00a0\u00a0\u00a0\u00a0\u00a0\u00a0\u00a0\u00a0\u00a0\u00a0\u00a0 <img decoding=\"async\" class=\"alignnone size-full wp-image-319\" src=\"https:\/\/iot.ttu.ee\/wp-content\/uploads\/2018\/05\/levira_logo_green.jpg\" alt=\"\" width=\"206\" height=\"59\" \/><\/p>\n<p>&nbsp;<\/p>\n<p><img loading=\"lazy\" loading=\"lazy\" decoding=\"async\" class=\"size-full wp-image-278 alignnone\" src=\"https:\/\/iot.ttu.ee\/wp-content\/uploads\/2018\/05\/haridusmin_vapp_est_78px.png\" alt=\"\" width=\"260\" height=\"80\" srcset=\"https:\/\/iot.ttu.ee\/wp-content\/uploads\/2018\/05\/haridusmin_vapp_est_78px.png 260w, https:\/\/iot.ttu.ee\/wp-content\/uploads\/2018\/05\/haridusmin_vapp_est_78px-230x71.png 230w\" sizes=\"auto, (max-width: 260px) 100vw, 260px\" \/>\u00a0 <img loading=\"lazy\" loading=\"lazy\" decoding=\"async\" class=\"wp-image-281 alignleft\" src=\"https:\/\/iot.ttu.ee\/wp-content\/uploads\/2018\/05\/ETAG_logo-1024x233.jpg\" alt=\"\" width=\"404\" height=\"92\" srcset=\"https:\/\/iot.ttu.ee\/wp-content\/uploads\/2018\/05\/ETAG_logo-1024x233.jpg 1024w, https:\/\/iot.ttu.ee\/wp-content\/uploads\/2018\/05\/ETAG_logo-300x68.jpg 300w, https:\/\/iot.ttu.ee\/wp-content\/uploads\/2018\/05\/ETAG_logo-768x175.jpg 768w, https:\/\/iot.ttu.ee\/wp-content\/uploads\/2018\/05\/ETAG_logo-830x189.jpg 830w, https:\/\/iot.ttu.ee\/wp-content\/uploads\/2018\/05\/ETAG_logo-230x52.jpg 230w, https:\/\/iot.ttu.ee\/wp-content\/uploads\/2018\/05\/ETAG_logo-350x80.jpg 350w, https:\/\/iot.ttu.ee\/wp-content\/uploads\/2018\/05\/ETAG_logo-480x109.jpg 480w\" sizes=\"auto, (max-width: 404px) 100vw, 404px\" \/><\/p>\n<\/div>\n<\/div><\/div><\/div><div id=\"panel-7-0-0-2\" class=\"so-panel widget widget_sow-post-carousel\" data-index=\"2\" ><div style=\"text-align: left;\" data-title-color=\"#443f3f\" data-headings-color=\"#443f3f\" class=\"panel-widget-style panel-widget-style-for-7-0-0-2\" ><div\n\t\t\t\n\t\t\tclass=\"so-widget-sow-post-carousel so-widget-sow-post-carousel-base-ad93eedad001-7\"\n\t\t\t\n\t\t>\t<div\n\t\tclass=\"sow-post-carousel-wrapper sow-post-carousel-theme-base\"\n\t\tstyle=\"overflow: hidden; max-width: 100%; min-height: 182px\"\n\t>\n\t\t<div class=\"sow-carousel-title has-title\">\n\t<h3 class=\"widget-title\">Viimased postitused<\/h3>\t\t<div class=\"sow-carousel-navigation \">\n\t\t\t\t\t\t<a href=\"#\" class=\"sow-carousel-next\" title=\"Next\" aria-label=\"Next Posts\" role=\"button\"><\/a>\n\t\t\t\t\t\t<a href=\"#\" class=\"sow-carousel-previous\" title=\"Previous\" aria-label=\"Previous Posts\" role=\"button\"><\/a>\n\t\t\t\t\t<\/div>\n\t<\/div>\n\n<div class=\"sow-carousel-container \">\n\t\t<div class=\"sow-carousel-wrapper\"\n\t\tdata-dir=\"ltr\"\n\t\tstyle=\"opacity: 0;\"\n\t\tdata-widget=\"post\" data-fetching=\"false\" data-page=\"1\" data-ajax-url=\"https:\/\/iot.ttu.ee\/wp-admin\/admin-ajax.php?_widgets_nonce=13e6c48103\" data-item_count=\"20\" data-carousel_settings=\"{&quot;loop&quot;:true,&quot;animation&quot;:&quot;Ease&quot;,&quot;animation_speed&quot;:400,&quot;autoplay&quot;:&quot;&quot;,&quot;pauseOnHover&quot;:&quot;&quot;,&quot;autoplaySpeed&quot;:8000,&quot;item_overflow&quot;:true,&quot;autoplay_continuous_scroll&quot;:false}\" data-responsive=\"{&quot;desktop_slides_to_scroll&quot;:1,&quot;tablet_landscape_breakpoint&quot;:1366,&quot;tablet_landscape_slides_to_scroll&quot;:2,&quot;tablet_portrait_breakpoint&quot;:1025,&quot;tablet_portrait_slides_to_scroll&quot;:2,&quot;mobile_breakpoint&quot;:480,&quot;mobile_slides_to_scroll&quot;:1}\" data-variable_width=\"true\" \t>\n\t\t<div\n\t\t\tclass=\"sow-carousel-items\"\n\t\t\t\t\t>\n\t\t\t\t<div class=\"sow-carousel-item\" tabindex=\"-1\" style=\"float: left;\">\n\t\t<div class=\"sow-carousel-thumbnail\">\n\t\t\t\t\t\t\t<a\n\t\t\t\t\thref=\"https:\/\/iot.ttu.ee\/et\/taltech-podcast-tule-opi-taltechis-riistvara-arendamist-ja-programmeerimist\/\"\n\t\t\t\t\t\t\t\t\t\tstyle=\"background-image: url( https:\/\/iot.ttu.ee\/wp-content\/uploads\/2020\/05\/Vastuvott_27-03-2020_1360x300pix-272x182.png )\"\n\t\t\t\t\taria-labelledby=\"sow-carousel-id-1320\"\n\t\t\t\t\ttabindex=\"-1\"\n\t\t\t\t>\n\t\t\t\t\t<span class=\"overlay\"><\/span>\n\t\t\t\t<\/a>\n\t\t\t\t\t<\/div>\n\t\t<h3 class=\"sow-carousel-item-title\">\n\t\t\t<a\n\t\t\t\thref=\"https:\/\/iot.ttu.ee\/et\/taltech-podcast-tule-opi-taltechis-riistvara-arendamist-ja-programmeerimist\/\"\n\t\t\t\tid=\"sow-carousel-id-1320\"\n\t\t\t\t\t\t\t\ttabindex=\"-1\"\n\t\t\t>\n\n\t\t\t\tTalTech podcast &#8211; Tule \u00f5pi TalTechis riistvara arendamist ja programmeerimist\t\t\t<\/a>\n\t\t<\/h3>\n\t<\/div>\n\t\t<div class=\"sow-carousel-item\" tabindex=\"-1\" style=\"float: left;\">\n\t\t<div class=\"sow-carousel-thumbnail\">\n\t\t\t\t\t\t\t<a\n\t\t\t\t\thref=\"https:\/\/iot.ttu.ee\/et\/eesti-esimene-nutikas-lift\/\"\n\t\t\t\t\t\t\t\t\t\tstyle=\"background-image: url( https:\/\/iot.ttu.ee\/wp-content\/uploads\/2019\/11\/nutilift1-272x182.png )\"\n\t\t\t\t\taria-labelledby=\"sow-carousel-id-1099\"\n\t\t\t\t\ttabindex=\"-1\"\n\t\t\t\t>\n\t\t\t\t\t<span class=\"overlay\"><\/span>\n\t\t\t\t<\/a>\n\t\t\t\t\t<\/div>\n\t\t<h3 class=\"sow-carousel-item-title\">\n\t\t\t<a\n\t\t\t\thref=\"https:\/\/iot.ttu.ee\/et\/eesti-esimene-nutikas-lift\/\"\n\t\t\t\tid=\"sow-carousel-id-1099\"\n\t\t\t\t\t\t\t\ttabindex=\"-1\"\n\t\t\t>\n\n\t\t\t\tEesti esimene nutikas lift\t\t\t<\/a>\n\t\t<\/h3>\n\t<\/div>\n\t\t<div class=\"sow-carousel-item\" tabindex=\"-1\" style=\"float: left;\">\n\t\t<div class=\"sow-carousel-thumbnail\">\n\t\t\t\t\t\t\t<a\n\t\t\t\t\thref=\"https:\/\/iot.ttu.ee\/et\/videopostitus-altium-algajatele\/\"\n\t\t\t\t\t\t\t\t\t\tstyle=\"background-image: url( https:\/\/iot.ttu.ee\/wp-content\/uploads\/2019\/05\/ad_logo-1-272x182.png )\"\n\t\t\t\t\taria-labelledby=\"sow-carousel-id-962\"\n\t\t\t\t\ttabindex=\"-1\"\n\t\t\t\t>\n\t\t\t\t\t<span class=\"overlay\"><\/span>\n\t\t\t\t<\/a>\n\t\t\t\t\t<\/div>\n\t\t<h3 class=\"sow-carousel-item-title\">\n\t\t\t<a\n\t\t\t\thref=\"https:\/\/iot.ttu.ee\/et\/videopostitus-altium-algajatele\/\"\n\t\t\t\tid=\"sow-carousel-id-962\"\n\t\t\t\t\t\t\t\ttabindex=\"-1\"\n\t\t\t>\n\n\t\t\t\tVideopostitus: Altium algajatele\t\t\t<\/a>\n\t\t<\/h3>\n\t<\/div>\n\t\t<div class=\"sow-carousel-item\" tabindex=\"-1\" style=\"float: left;\">\n\t\t<div class=\"sow-carousel-thumbnail\">\n\t\t\t\t\t\t\t<a\n\t\t\t\t\thref=\"https:\/\/iot.ttu.ee\/et\/taltech-nutimaja\/\"\n\t\t\t\t\t\t\t\t\t\tstyle=\"background-image: url( https:\/\/iot.ttu.ee\/wp-content\/uploads\/2019\/05\/home-4100193_1920-272x182.jpg )\"\n\t\t\t\t\taria-labelledby=\"sow-carousel-id-918\"\n\t\t\t\t\ttabindex=\"-1\"\n\t\t\t\t>\n\t\t\t\t\t<span class=\"overlay\"><\/span>\n\t\t\t\t<\/a>\n\t\t\t\t\t<\/div>\n\t\t<h3 class=\"sow-carousel-item-title\">\n\t\t\t<a\n\t\t\t\thref=\"https:\/\/iot.ttu.ee\/et\/taltech-nutimaja\/\"\n\t\t\t\tid=\"sow-carousel-id-918\"\n\t\t\t\t\t\t\t\ttabindex=\"-1\"\n\t\t\t>\n\n\t\t\t\tVideopostitus: Nutikast s\u00fcsteemist ja TalTech nutimajast\t\t\t<\/a>\n\t\t<\/h3>\n\t<\/div>\n\t\t<div class=\"sow-carousel-item\" tabindex=\"-1\" style=\"float: left;\">\n\t\t<div class=\"sow-carousel-thumbnail\">\n\t\t\t\t\t\t\t<a\n\t\t\t\t\thref=\"https:\/\/iot.ttu.ee\/et\/video-tudengid-iseauto\/\"\n\t\t\t\t\t\t\t\t\t\tstyle=\"background-image: url( https:\/\/iot.ttu.ee\/wp-content\/uploads\/2019\/04\/Iseauto_CMYK-272x182.jpg )\"\n\t\t\t\t\taria-labelledby=\"sow-carousel-id-860\"\n\t\t\t\t\ttabindex=\"-1\"\n\t\t\t\t>\n\t\t\t\t\t<span class=\"overlay\"><\/span>\n\t\t\t\t<\/a>\n\t\t\t\t\t<\/div>\n\t\t<h3 class=\"sow-carousel-item-title\">\n\t\t\t<a\n\t\t\t\thref=\"https:\/\/iot.ttu.ee\/et\/video-tudengid-iseauto\/\"\n\t\t\t\tid=\"sow-carousel-id-860\"\n\t\t\t\t\t\t\t\ttabindex=\"-1\"\n\t\t\t>\n\n\t\t\t\tVideopostitus: IT-teaduskonna tudengid said Iseauto loomisel hea erialase- ja meeskonnat\u00f6\u00f6 kogemuse\t\t\t<\/a>\n\t\t<\/h3>\n\t<\/div>\n\t\t<div class=\"sow-carousel-item\" tabindex=\"-1\" style=\"float: left;\">\n\t\t<div class=\"sow-carousel-thumbnail\">\n\t\t\t\t\t\t\t<a\n\t\t\t\t\thref=\"https:\/\/iot.ttu.ee\/et\/isejuhtivad-autod-ja-asjade-internet\/\"\n\t\t\t\t\t\t\t\t\t\tstyle=\"background-image: url( https:\/\/iot.ttu.ee\/wp-content\/uploads\/2019\/04\/action-asphalt-automobile-272x182.jpg )\"\n\t\t\t\t\taria-labelledby=\"sow-carousel-id-878\"\n\t\t\t\t\ttabindex=\"-1\"\n\t\t\t\t>\n\t\t\t\t\t<span class=\"overlay\"><\/span>\n\t\t\t\t<\/a>\n\t\t\t\t\t<\/div>\n\t\t<h3 class=\"sow-carousel-item-title\">\n\t\t\t<a\n\t\t\t\thref=\"https:\/\/iot.ttu.ee\/et\/isejuhtivad-autod-ja-asjade-internet\/\"\n\t\t\t\tid=\"sow-carousel-id-878\"\n\t\t\t\t\t\t\t\ttabindex=\"-1\"\n\t\t\t>\n\n\t\t\t\tIsejuhtivad autod ja asjade internet\t\t\t<\/a>\n\t\t<\/h3>\n\t<\/div>\n\t\t<div class=\"sow-carousel-item\" tabindex=\"-1\" style=\"float: left;\">\n\t\t<div class=\"sow-carousel-thumbnail\">\n\t\t\t\t\t\t\t<a\n\t\t\t\t\thref=\"https:\/\/iot.ttu.ee\/et\/kas-sa-oled-kodus-uksi\/\"\n\t\t\t\t\t\t\t\t\t\tstyle=\"background-image: url( https:\/\/iot.ttu.ee\/wp-content\/uploads\/2019\/04\/IMG_6863_476x317-272x182.jpg )\"\n\t\t\t\t\taria-labelledby=\"sow-carousel-id-862\"\n\t\t\t\t\ttabindex=\"-1\"\n\t\t\t\t>\n\t\t\t\t\t<span class=\"overlay\"><\/span>\n\t\t\t\t<\/a>\n\t\t\t\t\t<\/div>\n\t\t<h3 class=\"sow-carousel-item-title\">\n\t\t\t<a\n\t\t\t\thref=\"https:\/\/iot.ttu.ee\/et\/kas-sa-oled-kodus-uksi\/\"\n\t\t\t\tid=\"sow-carousel-id-862\"\n\t\t\t\t\t\t\t\ttabindex=\"-1\"\n\t\t\t>\n\n\t\t\t\tKas Sa oled kodus \u00fcksi?\t\t\t<\/a>\n\t\t<\/h3>\n\t<\/div>\n\t\t<div class=\"sow-carousel-item\" tabindex=\"-1\" style=\"float: left;\">\n\t\t<div class=\"sow-carousel-thumbnail\">\n\t\t\t\t\t\t\t<a\n\t\t\t\t\thref=\"https:\/\/iot.ttu.ee\/et\/videopostitus-iseautost-ja-asjade-internetist\/\"\n\t\t\t\t\t\t\t\t\t\tstyle=\"background-image: url( https:\/\/iot.ttu.ee\/wp-content\/uploads\/2019\/03\/iseauto-pilt_CMYK-272x182.jpg )\"\n\t\t\t\t\taria-labelledby=\"sow-carousel-id-844\"\n\t\t\t\t\ttabindex=\"-1\"\n\t\t\t\t>\n\t\t\t\t\t<span class=\"overlay\"><\/span>\n\t\t\t\t<\/a>\n\t\t\t\t\t<\/div>\n\t\t<h3 class=\"sow-carousel-item-title\">\n\t\t\t<a\n\t\t\t\thref=\"https:\/\/iot.ttu.ee\/et\/videopostitus-iseautost-ja-asjade-internetist\/\"\n\t\t\t\tid=\"sow-carousel-id-844\"\n\t\t\t\t\t\t\t\ttabindex=\"-1\"\n\t\t\t>\n\n\t\t\t\tVideopostitus: Iseautost ja Asjade internetist\t\t\t<\/a>\n\t\t<\/h3>\n\t<\/div>\n\t\t<div class=\"sow-carousel-item\" tabindex=\"-1\" style=\"float: left;\">\n\t\t<div class=\"sow-carousel-thumbnail\">\n\t\t\t\t\t\t\t<a\n\t\t\t\t\thref=\"https:\/\/iot.ttu.ee\/et\/video\/\"\n\t\t\t\t\t\t\t\t\t\tstyle=\"background-image: url( https:\/\/iot.ttu.ee\/wp-content\/uploads\/2019\/02\/IoT_videopost-272x182.jpg )\"\n\t\t\t\t\taria-labelledby=\"sow-carousel-id-748\"\n\t\t\t\t\ttabindex=\"-1\"\n\t\t\t\t>\n\t\t\t\t\t<span class=\"overlay\"><\/span>\n\t\t\t\t<\/a>\n\t\t\t\t\t<\/div>\n\t\t<h3 class=\"sow-carousel-item-title\">\n\t\t\t<a\n\t\t\t\thref=\"https:\/\/iot.ttu.ee\/et\/video\/\"\n\t\t\t\tid=\"sow-carousel-id-748\"\n\t\t\t\t\t\t\t\ttabindex=\"-1\"\n\t\t\t>\n\n\t\t\t\tVideopostitus: Mis loom on asjade internet ja kuidas seda s\u00fc\u00fcakse?\t\t\t<\/a>\n\t\t<\/h3>\n\t<\/div>\n\t\t<div class=\"sow-carousel-item\" tabindex=\"-1\" style=\"float: left;\">\n\t\t<div class=\"sow-carousel-thumbnail\">\n\t\t\t\t\t\t\t<a\n\t\t\t\t\thref=\"https:\/\/iot.ttu.ee\/et\/nutimaja-ehitamine-tarkvara\/\"\n\t\t\t\t\t\t\t\t\t\tstyle=\"background-image: url( https:\/\/iot.ttu.ee\/wp-content\/uploads\/2018\/10\/IoT-software-272x182.jpg )\"\n\t\t\t\t\taria-labelledby=\"sow-carousel-id-444\"\n\t\t\t\t\ttabindex=\"-1\"\n\t\t\t\t>\n\t\t\t\t\t<span class=\"overlay\"><\/span>\n\t\t\t\t<\/a>\n\t\t\t\t\t<\/div>\n\t\t<h3 class=\"sow-carousel-item-title\">\n\t\t\t<a\n\t\t\t\thref=\"https:\/\/iot.ttu.ee\/et\/nutimaja-ehitamine-tarkvara\/\"\n\t\t\t\tid=\"sow-carousel-id-444\"\n\t\t\t\t\t\t\t\ttabindex=\"-1\"\n\t\t\t>\n\n\t\t\t\tNutimaja ehitamine: tarkvara\t\t\t<\/a>\n\t\t<\/h3>\n\t<\/div>\n\t\t\t<\/div>\n\t\t\t<\/div>\n\n\t<\/div>\n\t\t<input type=\"hidden\" name=\"instance_hash\" value=\"b66914bf\"\/>\n\t<\/div>\n<\/div><\/div><\/div><div id=\"panel-7-0-0-3\" class=\"so-panel widget widget_text panel-last-child\" data-index=\"3\" ><div style=\"text-align: left;\" data-title-color=\"#443f3f\" data-headings-color=\"#443f3f\" class=\"panel-widget-style panel-widget-style-for-7-0-0-3\" >\t\t\t<div class=\"textwidget\"><p>&nbsp;<\/p>\n<p>&nbsp;<\/p>\n<p>&nbsp;<\/p>\n<\/div>\n\t\t<\/div><\/div><\/div><\/div><\/div><\/div>","protected":false},"excerpt":{"rendered":"<p>TalTech V\u00e4ikese J\u00f5udlusega Seadmete Masin\u00f5ppe Teaduslabor on arvutis\u00fcsteemide instituudi initsiatiivil loodud keskus, mis seob endaga kokku arvutiteaduse, elektroonika- ja tervisetehnoloogiate instituudi. Meie [&hellip;]<\/p>\n","protected":false},"author":1,"featured_media":0,"parent":0,"menu_order":0,"comment_status":"closed","ping_status":"closed","template":"","meta":{"footnotes":""},"class_list":["post-7","page","type-page","status-publish","hentry"],"_links":{"self":[{"href":"https:\/\/iot.ttu.ee\/et\/wp-json\/wp\/v2\/pages\/7","targetHints":{"allow":["GET"]}}],"collection":[{"href":"https:\/\/iot.ttu.ee\/et\/wp-json\/wp\/v2\/pages"}],"about":[{"href":"https:\/\/iot.ttu.ee\/et\/wp-json\/wp\/v2\/types\/page"}],"author":[{"embeddable":true,"href":"https:\/\/iot.ttu.ee\/et\/wp-json\/wp\/v2\/users\/1"}],"replies":[{"embeddable":true,"href":"https:\/\/iot.ttu.ee\/et\/wp-json\/wp\/v2\/comments?post=7"}],"version-history":[{"count":163,"href":"https:\/\/iot.ttu.ee\/et\/wp-json\/wp\/v2\/pages\/7\/revisions"}],"predecessor-version":[{"id":1477,"href":"https:\/\/iot.ttu.ee\/et\/wp-json\/wp\/v2\/pages\/7\/revisions\/1477"}],"wp:attachment":[{"href":"https:\/\/iot.ttu.ee\/et\/wp-json\/wp\/v2\/media?parent=7"}],"curies":[{"name":"wp","href":"https:\/\/api.w.org\/{rel}","templated":true}]}}